{"id":5,"date":"2014-03-24T17:19:47","date_gmt":"2014-03-24T16:19:47","guid":{"rendered":"http:\/\/www.sylvain-beaulieu.com\/blog\/?page_id=5"},"modified":"2017-10-11T06:35:25","modified_gmt":"2017-10-11T04:35:25","slug":"pourquoi-ce-blog","status":"publish","type":"page","link":"https:\/\/www.sylvain-beaulieu.com\/blog\/pourquoi-ce-blog\/","title":{"rendered":"Pourquoi ce blog ?"},"content":{"rendered":"<p>Depuis des dizaines d&rsquo;ann\u00e9es, j&rsquo;ai pris l&rsquo;habitude de noter dans des carnets les r\u00e9flexions issues de la manipulation quotidienne de mes chevaux.<\/p>\n<p>Ces carnets m&rsquo;ont permis de publier un premier ouvrage : <span style=\"color: #0000ff;\"><a href=\"http:\/\/kerforest.com\/index.php\/boutique\" target=\"_blank\" rel=\"noopener\"><span style=\"color: #0000ff;\"><em>Notes \u00e9questres<\/em><\/span><\/a><\/span>.<\/p>\n<p>Depuis notre &nbsp;installation dans le Morbihan en 2012 \u00e0 <a href=\"http:\/\/kerforest.sylvain-beaulieu.com\/fr\/\" target=\"_blank\" rel=\"noopener\">KERFOREST<\/a>, je continue de dresser pour ne pas dire \u00ab\u00a0redresser\u00a0\u00bb quantit\u00e9 de chevaux en m&rsquo;impr\u00e9gnant d&rsquo;un bauch\u00e9risme deuxi\u00e8me mani\u00e8re. KERFOREST&nbsp; aurait pu \u00eatre un \u00ab\u00a0centre d&rsquo;\u00e9tude du bauch\u00e9risme\u00a0\u00bb si j&rsquo;\u00e9tais devenu sectaire, ce qui n&rsquo;est pas le cas ! Par contre j&rsquo;y exp\u00e9rimente ces concepts, associ\u00e9s \u00e0 ce qui fait la richesse de notre culture \u00e9questre : cette \u00ab\u00a0French touch\u00a0\u00bb dont le bauch\u00e9risme fait partie &#8230;&#8230;&#8230;. mais pas que !<\/p>\n<p>Ce blog a pour but de remplacer ces innombrables carnets, ce qui me permet de les classer plus facilement d&rsquo;une part, et d&rsquo;autre part de b\u00e9n\u00e9ficier de vos commentaires \u00e9ventuels ! Les billets de ce blog sont, d&rsquo;une certaine mani\u00e8re, les esquisses des articles et dossiers publi\u00e9s sur le <a href=\"http:\/\/www.sylvain-beaulieu.com\/dressage\/index.php\" target=\"_blank\" rel=\"noopener\">SITE<\/a> auquel est associ\u00e9 ce blog.<\/p>\n<p>Bonne lecture,<\/p>\n<p>Sylvain BEAULIEU.<\/p>\n","protected":false},"excerpt":{"rendered":"<p>Depuis des dizaines d&rsquo;ann\u00e9es, j&rsquo;ai pris l&rsquo;habitude de noter dans des carnets les r\u00e9flexions issues de la manipulation quotidienne de mes chevaux. Ces carnets m&rsquo;ont permis de publier un premier ouvrage : Notes \u00e9questres. Depuis notre &nbsp;installation dans le Morbihan en 2012 \u00e0 KERFOREST, je continue de dresser pour ne pas dire \u00ab\u00a0redresser\u00a0\u00bb quantit\u00e9 de [&hellip;]<\/p>\n","protected":false},"author":1,"featured_media":0,"parent":0,"menu_order":0,"comment_status":"open","ping_status":"open","template":"","meta":{"ngg_post_thumbnail":0,"footnotes":""},"_links":{"self":[{"href":"https:\/\/www.sylvain-beaulieu.com\/blog\/wp-json\/wp\/v2\/pages\/5"}],"collection":[{"href":"https:\/\/www.sylvain-beaulieu.com\/blog\/wp-json\/wp\/v2\/pages"}],"about":[{"href":"https:\/\/www.sylvain-beaulieu.com\/blog\/wp-json\/wp\/v2\/types\/page"}],"author":[{"embeddable":true,"href":"https:\/\/www.sylvain-beaulieu.com\/blog\/wp-json\/wp\/v2\/users\/1"}],"replies":[{"embeddable":true,"href":"https:\/\/www.sylvain-beaulieu.com\/blog\/wp-json\/wp\/v2\/comments?post=5"}],"version-history":[{"count":7,"href":"https:\/\/www.sylvain-beaulieu.com\/blog\/wp-json\/wp\/v2\/pages\/5\/revisions"}],"predecessor-version":[{"id":611,"href":"https:\/\/www.sylvain-beaulieu.com\/blog\/wp-json\/wp\/v2\/pages\/5\/revisions\/611"}],"wp:attachment":[{"href":"https:\/\/www.sylvain-beaulieu.com\/blog\/wp-json\/wp\/v2\/media?parent=5"}],"curies":[{"name":"wp","href":"https:\/\/api.w.org\/{rel}","templated":true}]}}